{"id":842,"date":"2024-06-26T07:58:17","date_gmt":"2024-06-26T07:58:17","guid":{"rendered":"https:\/\/fundguidr.ee\/?page_id=842"},"modified":"2026-01-04T10:22:45","modified_gmt":"2026-01-04T10:22:45","slug":"investor-sonastics","status":"publish","type":"page","link":"https:\/\/fundguidr.ee\/en\/investor-sonastics\/","title":{"rendered":"Investor's glossary"},"content":{"rendered":"<p>[et_pb_section fb_built=&#8221;1&#8243; _builder_version=&#8221;4.19.0&#8243; _module_preset=&#8221;default&#8221; background_color=&#8221;#f6f8ff&#8221; background_image=&#8221;https:\/\/fundguidr.ee\/wp-content\/uploads\/2022\/11\/BG-28.png&#8221; background_size=&#8221;initial&#8221; locked=&#8221;off&#8221; global_colors_info=&#8221;{}&#8221;][et_pb_row _builder_version=&#8221;4.19.0&#8243; _module_preset=&#8221;default&#8221; width=&#8221;90%&#8221; custom_css_main_element=&#8221;position: unset;&#8221; global_colors_info=&#8221;{}&#8221;][et_pb_column type=&#8221;4_4&#8243; _builder_version=&#8221;4.19.0&#8243; _module_preset=&#8221;default&#8221; custom_css_main_element=&#8221;position: unset;&#8221; global_colors_info=&#8221;{}&#8221;][et_pb_text _builder_version=&#8221;4.19.1&#8243; _dynamic_attributes=&#8221;content&#8221; _module_preset=&#8221;default&#8221; text_font=&#8221;Nunito|700|||||||&#8221; text_text_color=&#8221;#171717&#8243; text_font_size=&#8221;36px&#8221; text_line_height=&#8221;50px&#8221; text_orientation=&#8221;center&#8221; custom_margin=&#8221;||0px||false|false&#8221; text_font_size_tablet=&#8221;30px&#8221; text_font_size_phone=&#8221;24px&#8221; text_font_size_last_edited=&#8221;on|phone&#8221; text_line_height_tablet=&#8221;45px&#8221; text_line_height_phone=&#8221;35px&#8221; text_line_height_last_edited=&#8221;on|tablet&#8221; global_colors_info=&#8221;{}&#8221;]@ET-DC@eyJkeW5hbWljIjp0cnVlLCJjb250ZW50IjoicG9zdF90aXRsZSIsInNldHRpbmdzIjp7ImJlZm9yZSI6IiIsImFmdGVyIjoiIn19@[\/et_pb_text][\/et_pb_column][\/et_pb_row][\/et_pb_section][et_pb_section fb_built=&#8221;1&#8243; use_custom_gutter=&#8221;on&#8221; gutter_width=&#8221;2&#8243; specialty=&#8221;on&#8221; next_background_color=&#8221;#F6F8FF&#8221; _builder_version=&#8221;4.27.2&#8243; _module_preset=&#8221;default&#8221; width=&#8221;100%&#8221; max_width=&#8221;100%&#8221; inner_width=&#8221;90%&#8221; bottom_divider_style=&#8221;curve2&#8243; global_colors_info=&#8221;{}&#8221;][et_pb_column type=&#8221;2_3&#8243; specialty_columns=&#8221;2&#8243; _builder_version=&#8221;4.16&#8243; custom_padding=&#8221;|||&#8221; global_colors_info=&#8221;{}&#8221; custom_padding__hover=&#8221;|||&#8221;][et_pb_row_inner _builder_version=&#8221;4.19.0&#8243; _module_preset=&#8221;default&#8221; custom_padding=&#8221;||20px||false|false&#8221; global_colors_info=&#8221;{}&#8221;][et_pb_column_inner saved_specialty_column_type=&#8221;2_3&#8243; _builder_version=&#8221;4.19.0&#8243; _module_preset=&#8221;default&#8221; global_colors_info=&#8221;{}&#8221;][et_pb_text _builder_version=&#8221;4.27.4&#8243; _module_preset=&#8221;default&#8221; text_text_color=&#8221;#000000&#8243; global_colors_info=&#8221;{}&#8221;]<\/p>\n<h2>Investori S\u00f5nastik: Sinu &#8220;spikker&#8221; finantsmaailmas<\/h2>\n<p data-path-to-node=\"5\">Finantsmaailm v\u00f5ib alguses tunduda nagu v\u00f5\u00f5rkeel \u2013 t\u00e4is l\u00fchendeid, keerulisi suhtarve ja v\u00f5\u00f5rs\u00f5nu. Kas P\/E suhtarv, volatiilsus v\u00f5i l\u00fchikeseks m\u00fc\u00fcmine ajavad pea ringi? Sa ei ole \u00fcksi.<\/p>\n<p data-path-to-node=\"6\">Oleme siia lehele koondanud k\u00f5ige olulisemad investeerimisterminid ja lahti seletanud need lihtsas eesti keeles.<\/p>\n<ul data-path-to-node=\"7\">\n<li>\n<p data-path-to-node=\"7,0,0\"><b data-path-to-node=\"7,0,0\" data-index-in-node=\"0\">Lihtsad m\u00f5isted<\/b> on lahti seletatud 1\u20132 lausega kohe siin.<\/p>\n<\/li>\n<li>\n<p data-path-to-node=\"7,1,0\"><b data-path-to-node=\"7,1,0\" data-index-in-node=\"0\">Keerulisemad strateegiad<\/b> (nagu DCA v\u00f5i v\u00e4\u00e4rtusinvesteerimine) sisaldavad linki meie p\u00f5hjalikele artiklitele, kus teeme teema puust ja punaseks.<\/p>\n<\/li>\n<\/ul>\n<p data-path-to-node=\"8\">Kasuta seda lehte kui t\u00f6\u00f6riista \u2013 kui kohtad artiklites tundmatut s\u00f5na, leiad siit vastuse.<\/p>\n<p>[\/et_pb_text][\/et_pb_column_inner][\/et_pb_row_inner][\/et_pb_column][et_pb_column type=&#8221;1_3&#8243; _builder_version=&#8221;4.16&#8243; custom_padding=&#8221;|||&#8221; global_colors_info=&#8221;{}&#8221; custom_padding__hover=&#8221;|||&#8221;][et_pb_blurb image=&#8221;https:\/\/images.pexels.com\/photos\/814133\/pexels-photo-814133.jpeg?auto=compress&#038;cs=tinysrgb&#038;w=1260&#038;h=750&#038;dpr=1&#8243; content_max_width=&#8221;100%&#8221; _builder_version=&#8221;4.27.2&#8243; _module_preset=&#8221;default&#8221; header_font=&#8221;Nunito|700|||||||&#8221; header_text_color=&#8221;#171717&#8243; header_font_size=&#8221;22px&#8221; header_line_height=&#8221;32px&#8221; body_font=&#8221;Poppins||||||||&#8221; body_text_color=&#8221;#171717&#8243; body_font_size=&#8221;15px&#8221; body_line_height=&#8221;1.8em&#8221; custom_margin=&#8221;||25px||false|false&#8221; text_orientation_tablet=&#8221;center&#8221; text_orientation_phone=&#8221;center&#8221; text_orientation_last_edited=&#8221;on|tablet&#8221; global_colors_info=&#8221;{}&#8221;][\/et_pb_blurb][\/et_pb_column][\/et_pb_section][et_pb_section fb_built=&#8221;1&#8243; _builder_version=&#8221;4.27.2&#8243; _module_preset=&#8221;default&#8221; background_color=&#8221;#F6F8FF&#8221; global_colors_info=&#8221;{}&#8221;][et_pb_row _builder_version=&#8221;4.27.2&#8243; _module_preset=&#8221;default&#8221; global_colors_info=&#8221;{}&#8221;][et_pb_column type=&#8221;4_4&#8243; _builder_version=&#8221;4.27.2&#8243; _module_preset=&#8221;default&#8221; global_colors_info=&#8221;{}&#8221;][et_pb_text _builder_version=&#8221;4.27.4&#8243; _module_preset=&#8221;default&#8221; text_font=&#8221;Nunito|700|||||||&#8221; text_text_color=&#8221;#171717&#8243; text_font_size=&#8221;22px&#8221; text_line_height=&#8221;32px&#8221; text_orientation_tablet=&#8221;center&#8221; text_orientation_phone=&#8221;center&#8221; text_orientation_last_edited=&#8221;on|tablet&#8221; locked=&#8221;off&#8221; global_colors_info=&#8221;{}&#8221;]<\/p>\n<h2>Investeerimise p\u00f5him\u00f5isted<\/h2>\n<p>[\/et_pb_text][et_pb_text module_id=&#8221;fg-dictionary-container&#8221; _builder_version=&#8221;4.27.4&#8243; _module_preset=&#8221;default&#8221; text_font=&#8221;Nunito||||||||&#8221; text_text_color=&#8221;#171717&#8243; text_font_size=&#8221;16px&#8221; text_line_height=&#8221;32px&#8221; hover_enabled=&#8221;0&#8243; text_orientation_tablet=&#8221;center&#8221; text_orientation_phone=&#8221;center&#8221; text_orientation_last_edited=&#8221;on|tablet&#8221; locked=&#8221;off&#8221; global_colors_info=&#8221;{}&#8221; sticky_enabled=&#8221;0&#8243; module_class=&#8221;fg-dictionary-container&#8221;]<\/p>\n<h3>Aktsia (Stock)<\/h3>\n<p>Osa ettev\u00f5tte omandist, mis esindab omandi\u00f5igust ettev\u00f5ttes.<\/p>\n<h3>Aktsiaturg (Stock Market)<\/h3>\n<p>Turg, kus kaubeldakse aktsiatega.<\/p>\n<h3>Aktsiaindeks (Stock Index)<\/h3>\n<p>Teatud aktsiate kogu, mida kasutatakse turu \u00fcldise suuna m\u00f5\u00f5tmiseks.<\/p>\n<h3>Aktiivne investeerimine (Active Investing)<\/h3>\n<p>Investeerimisstrateegia, mis p\u00fc\u00fcab \u00fcletada turu tootlust aktiivse kauplemise kaudu.<\/p>\n<h3>B\u00f6rs (Stock Exchange)<\/h3>\n<p>Organisatsioon, mis v\u00f5imaldab aktsiatega kauplemist.<\/p>\n<h3>Deflatsioon (Deflation)<\/h3>\n<p>Hindade \u00fcldine langus ajas.<\/p>\n<h3>Dividend (Dividend)<\/h3>\n<p>Ettev\u00f5tte kasumi osa, mis makstakse aktsion\u00e4ridele.<\/p>\n<h3>Dollar cost averaging (DCA)<\/h3>\n<p>Regulaarsed, kindla summaga investeeringuid olenemata turuhindadest.<\/p>\n<h3>ETF (Exchange-Traded Fund)<\/h3>\n<p>B\u00f6rsil kaubeldav fond, mis j\u00e4ljendab teatud indeksit v\u00f5i vara. Loe l\u00e4hemalt lehelt &#8216;<a href=\"https:\/\/fundguidr.ee\/varaklassid\/eft-2\/\">ETFd<\/a>&#8216;.<\/p>\n<h3>Eraisikust investor (Retail Investor)<\/h3>\n<p>\u00dcksikisik, kes investeerib oma raha.<\/p>\n<h3>Esmaspakkumine (Initial Public Offering, IPO)<\/h3>\n<p>Ettev\u00f5tte aktsiate esmane avalik pakkumine b\u00f6rsil. Loe edasi meie artiklist <a href=\"https:\/\/fundguidr.ee\/investeerimistarkus\/mis-on-ipo-kuidas-osaleda\/\">&#8216;Mis on IPO? P\u00f5hjalik juhend esmasest aktsiapakkumisest: protsessid, hinnakujundus ja osalemise strateegiad&#8217;<\/a>.<\/p>\n<h3>Finantsv\u00f5imendus (Leverage)<\/h3>\n<p>Laenatud vahendite kasutamine investeeringute suurendamiseks.<\/p>\n<h3>Hajutamine (Diversification)<\/h3>\n<p>Investeeringute jaotamine erinevate varade vahel riskide v\u00e4hendamiseks. Loe rohkem artiklist <a href=\"https:\/\/fundguidr.ee\/investeerimistarkus\/investeeringute-hajutamine\/\">&#8216;Investeeringute hajutamine: Tee kindlamale tulevikule&#8217;<\/a>.<\/p>\n<h3>Inflatsioon (Inflation)<\/h3>\n<p>Hindade \u00fcldine t\u00f5us ajas.<\/p>\n<h3>Investeerimisfond (Mutual Fund)<\/h3>\n<p>Fond, mis koondab mitme investori raha ja investeerib selle erinevatesse varadesse.<\/p>\n<h3>Investeeringute haldur (Asset Manager)<\/h3>\n<p>Professionaal, kes haldab investeerimisportfelli.<\/p>\n<h3>Kaasfinantseerimine (Co-financing)<\/h3>\n<p>Mitme investori osalemine investeeringu rahastamisel.<\/p>\n<h3>Kaasrahastamine (Crowdfunding)<\/h3>\n<p>Kapitali kogumine mitmelt v\u00e4ikeinvestorilt.<\/p>\n<h3>Kapitali kasv (Capital Gain)<\/h3>\n<p>Vara m\u00fc\u00fcgist saadud kasum, kui m\u00fc\u00fcgihind \u00fcletab ostuhinna.<\/p>\n<h3>Kapitali kahjum (Capital Loss)<\/h3>\n<p>Vara m\u00fc\u00fcgist saadud kahjum, kui m\u00fc\u00fcgihind on madalam kui ostuhind.<\/p>\n<h3>Likviidsus (Liquidity)<\/h3>\n<p>V\u00f5ime kiiresti ja lihtsalt vara rahaks teha.<\/p>\n<h3>Majanduslik ts\u00fckkel (Economic Cycle)<\/h3>\n<p>Perioodiline muutus majanduse aktiivsuses.<\/p>\n<h3>M\u00fc\u00fcgioptsioon (Put Option)<\/h3>\n<p>\u00d5igus, kuid mitte kohustus, m\u00fc\u00fca vara kindla hinnaga tulevikus.<\/p>\n<h3>Nominaalne v\u00e4\u00e4rtus (Nominal Value)<\/h3>\n<p>Vara v\u00e4\u00e4rtus, mis ei arvesta inflatsiooni.<\/p>\n<h3>Omaniku netov\u00e4\u00e4rtus (Owner&#8217;s Equity)<\/h3>\n<p>Vara v\u00e4\u00e4rtus, millest on lahutatud kohustused.<\/p>\n<h3>Ostuoptsioon (Call Option)<\/h3>\n<p>\u00d5igus, kuid mitte kohustus, osta vara kindla hinnaga tulevikus.<\/p>\n<h3>Passiivne investeerimine (Passive Investing)<\/h3>\n<p>Investeerimisstrateegia, mis p\u00fc\u00fcab j\u00e4ljendada turu tootlust.<\/p>\n<h3>P\u00f5hiinvestor (Institutional Investor)<\/h3>\n<p>Suur investor, n\u00e4iteks pensionifond v\u00f5i kindlustusselts.<\/p>\n<h3>Portfell (Portfolio)<\/h3>\n<p>Investeeringute kogum, mida investor omab.<\/p>\n<h3>P\/E suhe (Price-to-Earnings Ratio)<\/h3>\n<p>Suhe ettev\u00f5tte aktsia hinna ja kasumi vahel.<\/p>\n<h3>Reaalv\u00e4\u00e4rtus (Real Value)<\/h3>\n<p>Vara v\u00e4\u00e4rtus, mis arvesta inflatsiooni.<\/p>\n<h3>Raha ajav\u00e4\u00e4rtus (Time Value of Money)<\/h3>\n<p>Kontseptsioon, et raha v\u00e4\u00e4rtus ajas muutub.<\/p>\n<h3>Risk (Risk)<\/h3>\n<p>Potentsiaalne kahju v\u00f5i tulu k\u00f5ikumine investeeringust.<\/p>\n<h3>Riskikapital (Venture Capital)<\/h3>\n<p>Investeeringud varases arenguj\u00e4rgus ettev\u00f5tetesse.<\/p>\n<h3>Riski- ja tootluse suhe (Risk-Reward Ratio)<\/h3>\n<p>Investeeringu riski ja potentsiaalse tootluse suhe.<\/p>\n<h3>Shorting<\/h3>\n<p>Laenatakse aktsiaid ja m\u00fc\u00fcakse neid kohe, lootuses, et nende hind langeb ja saab neid hiljem madalama hinnaga tagasi osta, teenides vahelt kasumit. Loe l\u00e4hemalt meie artiklist <a href=\"https:\/\/fundguidr.ee\/uncategorized\/shorting-investeerimisstrateegia\/\">&#8216;Shorting \u2013 investeerimisstrateegia julgete jaoks&#8217;<\/a>.<\/p>\n<h3>Tulevikuleping (Futures Contract)<\/h3>\n<p>Leping, millega kohustutakse ostma v\u00f5i m\u00fc\u00fcma vara kindlal ajal tulevikus kindla hinnaga.<\/p>\n<h3>Tulususkordaja (Return on Investment, ROI)<\/h3>\n<p>Investeeringu tasuvuse m\u00f5\u00f5t, v\u00e4ljendatud protsentides.<\/p>\n<h3>Tootlus (Return)<\/h3>\n<p>Investeeringult teenitud kasumi v\u00f5i kahjumi protsent.<\/p>\n<h3>Turu kapitalisatsioon (Market Capitalization)<\/h3>\n<p>Ettev\u00f5tte koguv\u00e4\u00e4rtus turuhinna alusel.<\/p>\n<h3>V\u00f5lakiri (Bond)<\/h3>\n<p>V\u00f5lainstrument, mille v\u00e4ljaandja kohustub maksma intresse ja p\u00f5hiosa teatud aja jooksul. Loe rohkem lehelt &#8216;<a href=\"https:\/\/fundguidr.ee\/volakirjad\/\">V\u00f5lakirjad<\/a>&#8216;.<\/p>\n<h3>Volatiilsus (Volatility)<\/h3>\n<p>Investeeringu v\u00e4\u00e4rtuse k\u00f5ikumine ajas.<\/p>\n<p>[\/et_pb_text][et_pb_code _builder_version=&#8221;4.27.4&#8243; _module_preset=&#8221;default&#8221; global_colors_info=&#8221;{}&#8221;]<\/p>\n<style><!-- [et_pb_line_break_holder] -->\/* --- FUNDGUIDR INVESTORI S\u00d5NASTIKU DISAIN --- *\/<!-- [et_pb_line_break_holder] --><!-- [et_pb_line_break_holder] -->\/* Konteineri \u00fcldseaded *\/<!-- [et_pb_line_break_holder] -->.fg-dictionary-container {<!-- [et_pb_line_break_holder] -->    max-width: 800px; \/* Hoiame teksti loetava laiusega *\/<!-- [et_pb_line_break_holder] -->    margin: 0 auto; \/* Tsentreerime lehel *\/<!-- [et_pb_line_break_holder] -->    font-family: 'Inter', Helvetica, Arial, sans-serif; \/* Sunnime peale Inter fondi *\/<!-- [et_pb_line_break_holder] -->}<!-- [et_pb_line_break_holder] --><!-- [et_pb_line_break_holder] -->\/* TERMINI DISAIN (H3 pealkirjad) *\/<!-- [et_pb_line_break_holder] -->.fg-dictionary-container h3 {<!-- [et_pb_line_break_holder] -->    color: #0f172a !important; \/* Sinu br\u00e4ndi tumesinine *\/<!-- [et_pb_line_break_holder] -->    font-size: 22px !important;<!-- [et_pb_line_break_holder] -->    font-weight: 800 !important; \/* V\u00e4ga paks ja selge *\/<!-- [et_pb_line_break_holder] -->    margin-top: 50px !important; \/* Suur vahe eelmise terminiga *\/<!-- [et_pb_line_break_holder] -->    margin-bottom: 15px !important;<!-- [et_pb_line_break_holder] -->    position: relative !important;<!-- [et_pb_line_break_holder] -->    padding-left: 20px !important; \/* Teeme ruumi rohelisele joonele *\/<!-- [et_pb_line_break_holder] -->    line-height: 1.3 !important;<!-- [et_pb_line_break_holder] -->}<!-- [et_pb_line_break_holder] --><!-- [et_pb_line_break_holder] -->\/* Roheline aktsent-joon termini ees *\/<!-- [et_pb_line_break_holder] -->.fg-dictionary-container h3::before {<!-- [et_pb_line_break_holder] -->    content: '';<!-- [et_pb_line_break_holder] -->    position: absolute;<!-- [et_pb_line_break_holder] -->    left: 0;<!-- [et_pb_line_break_holder] -->    top: 5px; \/* Veidi allpool teksti \u00fclaserva *\/<!-- [et_pb_line_break_holder] -->    height: calc(100% - 10px); \/* Peaaegu teksti k\u00f5rgune *\/<!-- [et_pb_line_break_holder] -->    width: 4px;<!-- [et_pb_line_break_holder] -->    background: #10b981; \/* Sinu br\u00e4ndi roheline *\/<!-- [et_pb_line_break_holder] -->    border-radius: 2px; \/* \u00dcmarad nurgad joonele *\/<!-- [et_pb_line_break_holder] -->}<!-- [et_pb_line_break_holder] --><!-- [et_pb_line_break_holder] -->\/* DEFINITSIOONI DISAIN (Tavalised l\u00f5igud) *\/<!-- [et_pb_line_break_holder] -->.fg-dictionary-container p {<!-- [et_pb_line_break_holder] -->    color: #475569 !important; \/* Pehmem hallikas tekst, lihtsam lugeda *\/<!-- [et_pb_line_break_holder] -->    font-size: 17px !important; \/* Piisavalt suur *\/<!-- [et_pb_line_break_holder] -->    line-height: 1.7 !important; \/* \u00d5huline reavahe *\/<!-- [et_pb_line_break_holder] -->    margin-bottom: 25px !important;<!-- [et_pb_line_break_holder] -->    padding-left: 20px !important; \/* Joondame H3 tekstiga *\/<!-- [et_pb_line_break_holder] -->    \/* Peenike hall joon vasakul aitab silmal teksti j\u00e4lgida *\/<!-- [et_pb_line_break_holder] -->    border-left: 1px solid #e2e8f0 !important;<!-- [et_pb_line_break_holder] -->}<!-- [et_pb_line_break_holder] --><!-- [et_pb_line_break_holder] -->\/* Lingid definitsiooni sees *\/<!-- [et_pb_line_break_holder] -->.fg-dictionary-container p a {<!-- [et_pb_line_break_holder] -->    color: #10b981 !important; \/* Rohelised lingid *\/<!-- [et_pb_line_break_holder] -->    font-weight: 700 !important;<!-- [et_pb_line_break_holder] -->    text-decoration: none !important;<!-- [et_pb_line_break_holder] -->    border-bottom: 1px solid transparent;<!-- [et_pb_line_break_holder] -->    transition: all 0.3s ease;<!-- [et_pb_line_break_holder] -->}<!-- [et_pb_line_break_holder] --><!-- [et_pb_line_break_holder] -->.fg-dictionary-container p a:hover {<!-- [et_pb_line_break_holder] -->    border-bottom-color: #10b981; \/* Hoveril joon alla *\/<!-- [et_pb_line_break_holder] -->}<!-- [et_pb_line_break_holder] --><!-- [et_pb_line_break_holder] -->\/* RESPONSIVE: Mobiilis veidi v\u00e4iksemaks *\/<!-- [et_pb_line_break_holder] -->@media (max-width: 600px) {<!-- [et_pb_line_break_holder] -->    .fg-dictionary-container h3 {<!-- [et_pb_line_break_holder] -->        font-size: 20px !important;<!-- [et_pb_line_break_holder] -->        margin-top: 40px !important;<!-- [et_pb_line_break_holder] -->    }<!-- [et_pb_line_break_holder] -->    .fg-dictionary-container p {<!-- [et_pb_line_break_holder] -->        font-size: 16px !important;<!-- [et_pb_line_break_holder] -->        padding-left: 15px !important;<!-- [et_pb_line_break_holder] -->    }<!-- [et_pb_line_break_holder] -->    .fg-dictionary-container h3 {<!-- [et_pb_line_break_holder] -->         padding-left: 15px !important;<!-- [et_pb_line_break_holder] -->    }<!-- [et_pb_line_break_holder] -->}<!-- [et_pb_line_break_holder] --><\/style>\n<p>[\/et_pb_code][\/et_pb_column][\/et_pb_row][\/et_pb_section]<\/p>\n","protected":false},"excerpt":{"rendered":"<p>Investori S\u00f5nastik: Sinu &#8220;spikker&#8221; finantsmaailmas Finantsmaailm v\u00f5ib alguses tunduda nagu v\u00f5\u00f5rkeel \u2013 t\u00e4is l\u00fchendeid, keerulisi suhtarve ja v\u00f5\u00f5rs\u00f5nu. Kas P\/E suhtarv, volatiilsus v\u00f5i l\u00fchikeseks m\u00fc\u00fcmine ajavad pea ringi? Sa ei ole \u00fcksi. Oleme siia lehele koondanud k\u00f5ige olulisemad investeerimisterminid ja lahti seletanud need lihtsas eesti keeles. Lihtsad m\u00f5isted on lahti seletatud 1\u20132 lausega kohe siin. [&hellip;]<\/p>\n","protected":false},"author":1,"featured_media":961,"parent":0,"menu_order":0,"comment_status":"closed","ping_status":"closed","template":"","meta":{"_et_pb_use_builder":"on","_et_pb_old_content":"","_et_gb_content_width":"","_monsterinsights_skip_tracking":false,"_monsterinsights_sitenote_active":false,"_monsterinsights_sitenote_note":"","_monsterinsights_sitenote_category":0,"footnotes":""},"class_list":["post-842","page","type-page","status-publish","has-post-thumbnail","hentry"],"rank_math_title":null,"rank_math_focus_keyword":"investor,s\u00f5nastik","rank_math_description":"Investori s\u00f5nastik-siin oleme v\u00e4lja toonud erinevad investeerimisstrateegiad ja tutvustame p\u00f5hilisi investeerimisega seotud m\u00f5isteid","_links":{"self":[{"href":"https:\/\/fundguidr.ee\/en\/wp-json\/wp\/v2\/pages\/842","targetHints":{"allow":["GET"]}}],"collection":[{"href":"https:\/\/fundguidr.ee\/en\/wp-json\/wp\/v2\/pages"}],"about":[{"href":"https:\/\/fundguidr.ee\/en\/wp-json\/wp\/v2\/types\/page"}],"author":[{"embeddable":true,"href":"https:\/\/fundguidr.ee\/en\/wp-json\/wp\/v2\/users\/1"}],"replies":[{"embeddable":true,"href":"https:\/\/fundguidr.ee\/en\/wp-json\/wp\/v2\/comments?post=842"}],"version-history":[{"count":32,"href":"https:\/\/fundguidr.ee\/en\/wp-json\/wp\/v2\/pages\/842\/revisions"}],"predecessor-version":[{"id":3085,"href":"https:\/\/fundguidr.ee\/en\/wp-json\/wp\/v2\/pages\/842\/revisions\/3085"}],"wp:featuredmedia":[{"embeddable":true,"href":"https:\/\/fundguidr.ee\/en\/wp-json\/wp\/v2\/media\/961"}],"wp:attachment":[{"href":"https:\/\/fundguidr.ee\/en\/wp-json\/wp\/v2\/media?parent=842"}],"curies":[{"name":"wp","href":"https:\/\/api.w.org\/{rel}","templated":true}]}}