{"id":2901,"date":"2026-01-02T22:36:57","date_gmt":"2026-01-02T22:36:57","guid":{"rendered":"https:\/\/fundguidr.ee\/?page_id=2901"},"modified":"2026-01-02T22:37:02","modified_gmt":"2026-01-02T22:37:02","slug":"fundguidr-ee-about-us","status":"publish","type":"page","link":"https:\/\/fundguidr.ee\/en\/fundguidr-ee-about-us\/","title":{"rendered":"About us"},"content":{"rendered":"<p>[et_pb_section fb_built=&#8221;1&#8243; _builder_version=&#8221;4.19.0&#8243; _module_preset=&#8221;default&#8221; background_color=&#8221;#f6f8ff&#8221; background_image=&#8221;https:\/\/fundguidr.ee\/wp-content\/uploads\/2022\/11\/BG-28.png&#8221; background_size=&#8221;initial&#8221; global_colors_info=&#8221;{}&#8221;][et_pb_row _builder_version=&#8221;4.19.0&#8243; _module_preset=&#8221;default&#8221; width=&#8221;90%&#8221; custom_css_main_element=&#8221;position: unset;&#8221; global_colors_info=&#8221;{}&#8221;][et_pb_column type=&#8221;4_4&#8243; _builder_version=&#8221;4.19.0&#8243; _module_preset=&#8221;default&#8221; custom_css_main_element=&#8221;position: unset;&#8221; global_colors_info=&#8221;{}&#8221;][et_pb_text _builder_version=&#8221;4.27.4&#8243; _module_preset=&#8221;default&#8221; text_font=&#8221;Nunito|700|||||||&#8221; text_text_color=&#8221;#171717&#8243; text_font_size=&#8221;36px&#8221; text_line_height=&#8221;50px&#8221; text_orientation=&#8221;center&#8221; custom_margin=&#8221;||0px||false|false&#8221; text_font_size_tablet=&#8221;30px&#8221; text_font_size_phone=&#8221;24px&#8221; text_font_size_last_edited=&#8221;on|phone&#8221; text_line_height_tablet=&#8221;45px&#8221; text_line_height_phone=&#8221;35px&#8221; text_line_height_last_edited=&#8221;on|tablet&#8221; global_colors_info=&#8221;{}&#8221;]<\/p>\n<p>Meist<\/p>\n<p>[\/et_pb_text][et_pb_social_media_follow disabled_on=&#8221;on|on|off&#8221; module_class=&#8221;education_social&#8221; _builder_version=&#8221;4.19.0&#8243; _module_preset=&#8221;default&#8221; custom_css_main_element=&#8221;position: absolute;||    left: 50px;||    transform: translateY(-50%);||    top: 50%;&#8221; custom_css_social_follow=&#8221;margin-bottom: 5px;||    display: block;||    margin-right: 0;&#8221; locked=&#8221;off&#8221; global_colors_info=&#8221;{}&#8221;][et_pb_social_media_follow_network social_network=&#8221;facebook&#8221; use_icon_font_size=&#8221;on&#8221; icon_font_size=&#8221;14px&#8221; _builder_version=&#8221;4.19.0&#8243; _module_preset=&#8221;default&#8221; background_color=&#8221;#FFFFFF&#8221; background_enable_color=&#8221;on&#8221; custom_padding=&#8221;5px|5px|5px|5px|true|true&#8221; border_radii=&#8221;on|0px|0px|0px|0px&#8221; global_colors_info=&#8221;{}&#8221; background__hover_enabled=&#8221;on|hover&#8221; background_color__hover=&#8221;rgba(26,182,157,0.2)&#8221; background_enable_color__hover=&#8221;on&#8221; follow_button=&#8221;off&#8221; url_new_window=&#8221;on&#8221;]facebook[\/et_pb_social_media_follow_network][et_pb_social_media_follow_network social_network=&#8221;twitter&#8221; use_icon_font_size=&#8221;on&#8221; icon_font_size=&#8221;14px&#8221; _builder_version=&#8221;4.19.0&#8243; _module_preset=&#8221;default&#8221; background_color=&#8221;#FFFFFF&#8221; background_enable_color=&#8221;on&#8221; custom_padding=&#8221;5px|5px|5px|5px|true|true&#8221; border_radii=&#8221;on|0px|0px|0px|0px&#8221; global_colors_info=&#8221;{}&#8221; background_color__hover=&#8221;rgba(26,182,157,0.2)&#8221; background__hover_enabled=&#8221;on|hover&#8221; background_enable_color__hover=&#8221;on&#8221; follow_button=&#8221;off&#8221; url_new_window=&#8221;on&#8221;]twitter[\/et_pb_social_media_follow_network][et_pb_social_media_follow_network social_network=&#8221;instagram&#8221; use_icon_font_size=&#8221;on&#8221; icon_font_size=&#8221;14px&#8221; _builder_version=&#8221;4.19.0&#8243; _module_preset=&#8221;default&#8221; background_color=&#8221;#FFFFFF&#8221; background_enable_color=&#8221;on&#8221; custom_padding=&#8221;5px|5px|5px|5px|true|true&#8221; border_radii=&#8221;on|0px|0px|0px|0px&#8221; global_colors_info=&#8221;{}&#8221; background_color__hover=&#8221;rgba(26,182,157,0.2)&#8221; background__hover_enabled=&#8221;on|hover&#8221; background_enable_color__hover=&#8221;on&#8221; follow_button=&#8221;off&#8221; url_new_window=&#8221;on&#8221;]instagram[\/et_pb_social_media_follow_network][et_pb_social_media_follow_network social_network=&#8221;linkedin&#8221; use_icon_font_size=&#8221;on&#8221; icon_font_size=&#8221;14px&#8221; _builder_version=&#8221;4.19.0&#8243; _module_preset=&#8221;default&#8221; background_color=&#8221;#FFFFFF&#8221; background_enable_color=&#8221;on&#8221; custom_padding=&#8221;5px|5px|5px|5px|true|true&#8221; border_radii=&#8221;on|0px|0px|0px|0px&#8221; global_colors_info=&#8221;{}&#8221; background_color__hover=&#8221;rgba(26,182,157,0.2)&#8221; background__hover_enabled=&#8221;on|hover&#8221; background_enable_color__hover=&#8221;on&#8221; follow_button=&#8221;off&#8221; url_new_window=&#8221;on&#8221;]linkedin[\/et_pb_social_media_follow_network][\/et_pb_social_media_follow][\/et_pb_column][\/et_pb_row][\/et_pb_section][et_pb_section fb_built=&#8221;1&#8243; use_custom_gutter=&#8221;on&#8221; gutter_width=&#8221;2&#8243; specialty=&#8221;on&#8221; module_class_1=&#8221;educationhome_section2_column1&#8243; module_class_2=&#8221;educationhome_section2_column2&#8243; module_class=&#8221;educationhome_section2&#8243; _builder_version=&#8221;4.19.0&#8243; _module_preset=&#8221;default&#8221; width=&#8221;100%&#8221; max_width=&#8221;100%&#8221; inner_width=&#8221;90%&#8221; locked=&#8221;off&#8221; global_colors_info=&#8221;{}&#8221;][et_pb_column type=&#8221;1_2&#8243; _builder_version=&#8221;4.16&#8243; custom_padding=&#8221;|||&#8221; global_colors_info=&#8221;{}&#8221; custom_padding__hover=&#8221;|||&#8221;][et_pb_image src=&#8221;https:\/\/fundguidr.ee\/wp-content\/uploads\/2022\/11\/Vector-2.png&#8221; title_text=&#8221;Vector (2)&#8221; disabled_on=&#8221;on|off|off&#8221; _builder_version=&#8221;4.19.0&#8243; _module_preset=&#8221;default&#8221; custom_margin=&#8221;||0px||false|false&#8221; custom_css_main_element=&#8221;position: absolute;||    z-index: -1;||    top: 0;||    right: -14%;||    -webkit-animation: spin 15s linear infinite;||    animation: spin 15s linear infinite;&#8221; global_colors_info=&#8221;{}&#8221;][\/et_pb_image][et_pb_blurb title=&#8221;Kes me oleme&#8221; content_max_width=&#8221;100%&#8221; module_class=&#8221;educationcommon_blurb&#8221; _builder_version=&#8221;4.27.4&#8243; _module_preset=&#8221;default&#8221; header_font=&#8221;Poppins||||||||&#8221; header_text_color=&#8221;#171717&#8243; body_font=&#8221;Nunito|700|||||||&#8221; body_text_color=&#8221;#171717&#8243; body_font_size=&#8221;30px&#8221; body_line_height=&#8221;45px&#8221; body_font_size_tablet=&#8221;30px&#8221; body_font_size_phone=&#8221;24px&#8221; body_font_size_last_edited=&#8221;on|phone&#8221; body_line_height_tablet=&#8221;45px&#8221; body_line_height_phone=&#8221;35px&#8221; body_line_height_last_edited=&#8221;on|phone&#8221; text_orientation_tablet=&#8221;center&#8221; text_orientation_phone=&#8221;center&#8221; text_orientation_last_edited=&#8221;on|tablet&#8221; global_colors_info=&#8221;{}&#8221;]<\/p>\n<p data-path-to-node=\"4\">Fundguidr: Sinu ratsionaalne teejuht investeerimismaailmas<\/p>\n<p>[\/et_pb_blurb][et_pb_text _builder_version=&#8221;4.19.0&#8243; _module_preset=&#8221;default&#8221; text_font=&#8221;Poppins||||||||&#8221; text_text_color=&#8221;#171717&#8243; text_font_size=&#8221;15px&#8221; text_line_height=&#8221;1.8em&#8221; text_font_size_last_edited=&#8221;off|tablet&#8221; text_orientation_tablet=&#8221;center&#8221; text_orientation_phone=&#8221;center&#8221; text_orientation_last_edited=&#8221;on|tablet&#8221; global_colors_info=&#8221;{}&#8221;]<\/p>\n<p data-path-to-node=\"8\">Elame ajastul, mil informatsiooni on rohkem kui kunagi varem, kuid t\u00f5de on raskem leida. Finantsmaailm on t\u00e4is keerulist \u017eargooni, varjatud m\u00fc\u00fcgihuve ja &#8220;saa kiiresti rikkaks&#8221; lubadusi.<\/p>\n<p data-path-to-node=\"9\">Fundguidr loodi lihtsa eesm\u00e4rgiga: tuua sellesse m\u00fcrasse selgust.<\/p>\n<p data-path-to-node=\"10\">Fundguidr&#8217;i sisu taga seisab v\u00e4ike, kuid p\u00fchendunud meeskond investeerimishuvilisi.<\/p>\n<p>[\/et_pb_text][et_pb_text _builder_version=&#8221;4.27.4&#8243; _module_preset=&#8221;default&#8221; text_font=&#8221;Poppins|600|||||||&#8221; text_text_color=&#8221;#171717&#8243; text_font_size=&#8221;16px&#8221; custom_margin=&#8221;||10px||false|false&#8221; text_orientation_tablet=&#8221;center&#8221; text_orientation_phone=&#8221;center&#8221; text_orientation_last_edited=&#8221;on|tablet&#8221; global_colors_info=&#8221;{}&#8221;]<\/p>\n<p>Meie p\u00f5him\u00f5tted<\/p>\n<p>[\/et_pb_text][et_pb_blurb title=&#8221;S\u00f5ltumatus ennek\u00f5ike&#8221; use_icon=&#8221;on&#8221; font_icon=&#8221;&#x5a;||divi||400&#8243; icon_placement=&#8221;left&#8221; image_icon_width=&#8221;20px&#8221; content_max_width=&#8221;100%&#8221; icon_placement_tablet=&#8221;top&#8221; icon_placement_phone=&#8221;top&#8221; icon_placement_last_edited=&#8221;on|tablet&#8221; module_class=&#8221;educationhome_section2_blurb&#8221; _builder_version=&#8221;4.27.4&#8243; _module_preset=&#8221;default&#8221; header_font=&#8221;Poppins||||||||&#8221; header_text_color=&#8221;#171717&#8243; header_font_size=&#8221;15px&#8221; header_line_height=&#8221;1.5em&#8221; text_orientation_tablet=&#8221;center&#8221; text_orientation_phone=&#8221;center&#8221; text_orientation_last_edited=&#8221;on|tablet&#8221; custom_css_blurb_image=&#8221;margin-bottom: 0;||width: auto;&#8221; custom_css_blurb_title=&#8221;padding-bottom: 0;&#8221; custom_css_blurb_content=&#8221;display: flex;||align-items: center;&#8221; global_colors_info=&#8221;{}&#8221; custom_css_blurb_content_last_edited=&#8221;on|tablet&#8221; custom_css_blurb_content_tablet=&#8221;display: block;&#8221; custom_css_blurb_image_last_edited=&#8221;on|tablet&#8221; custom_css_blurb_image_tablet=&#8221;margin-bottom: 10px;||width: auto;&#8221; custom_css_blurb_content_phone=&#8221;display: block;&#8221; custom_css_blurb_image_phone=&#8221;margin-bottom: 10px;||width: auto;&#8221;]<\/p>\n<p>Meie anal\u00fc\u00fcsid ja \u00fclevaated on vabad pankade survest. Kui m\u00f5ni teenus on liiga kallis v\u00f5i investeerimistoode liiga riskantne, \u00fctleme selle ausalt v\u00e4lja.<\/p>\n<p>[\/et_pb_blurb][et_pb_blurb title=&#8221;Kohalik kontekst&#8221; use_icon=&#8221;on&#8221; font_icon=&#8221;&#x5a;||divi||400&#8243; icon_placement=&#8221;left&#8221; image_icon_width=&#8221;20px&#8221; content_max_width=&#8221;100%&#8221; icon_placement_tablet=&#8221;top&#8221; icon_placement_phone=&#8221;top&#8221; icon_placement_last_edited=&#8221;on|tablet&#8221; module_class=&#8221;educationhome_section2_blurb&#8221; _builder_version=&#8221;4.27.4&#8243; _module_preset=&#8221;default&#8221; header_font=&#8221;Poppins||||||||&#8221; header_text_color=&#8221;#171717&#8243; header_font_size=&#8221;15px&#8221; header_line_height=&#8221;1.5em&#8221; text_orientation_tablet=&#8221;center&#8221; text_orientation_phone=&#8221;center&#8221; text_orientation_last_edited=&#8221;on|tablet&#8221; custom_css_blurb_image=&#8221;margin-bottom: 0;||width: auto;&#8221; custom_css_blurb_title=&#8221;padding-bottom: 0;&#8221; custom_css_blurb_content=&#8221;display: flex;||align-items: center;&#8221; global_colors_info=&#8221;{}&#8221; custom_css_blurb_image_tablet=&#8221;margin-bottom: 10px;||width: auto;&#8221; custom_css_blurb_image_last_edited=&#8221;on|tablet&#8221; custom_css_blurb_content_tablet=&#8221;display: block;&#8221; custom_css_blurb_content_last_edited=&#8221;on|tablet&#8221; custom_css_blurb_image_phone=&#8221;margin-bottom: 10px;||width: auto;&#8221; custom_css_blurb_content_phone=&#8221;display: block;&#8221;]<\/p>\n<p>Suur osa interneti infost on USA-keskne. Meie filtreerime selle l\u00e4bi Eesti investori pilgu, keskendudes siin k\u00e4ttesaadavatele pankadele, platvormidele ja Balti b\u00f6rsi v\u00f5imalustele.<\/p>\n<p>[\/et_pb_blurb][et_pb_blurb title=&#8221;Faktip\u00f5hine sisu&#8221; use_icon=&#8221;on&#8221; font_icon=&#8221;&#x5a;||divi||400&#8243; icon_placement=&#8221;left&#8221; image_icon_width=&#8221;20px&#8221; content_max_width=&#8221;100%&#8221; icon_placement_tablet=&#8221;top&#8221; icon_placement_phone=&#8221;top&#8221; icon_placement_last_edited=&#8221;on|tablet&#8221; module_class=&#8221;educationhome_section2_blurb&#8221; _builder_version=&#8221;4.27.4&#8243; _module_preset=&#8221;default&#8221; header_font=&#8221;Poppins||||||||&#8221; header_text_color=&#8221;#171717&#8243; header_font_size=&#8221;15px&#8221; header_line_height=&#8221;1.5em&#8221; text_orientation_tablet=&#8221;center&#8221; text_orientation_phone=&#8221;center&#8221; text_orientation_last_edited=&#8221;on|tablet&#8221; custom_css_blurb_image=&#8221;margin-bottom: 0;||width: auto;&#8221; custom_css_blurb_title=&#8221;padding-bottom: 0;&#8221; custom_css_blurb_content=&#8221;display: flex;||align-items: center;&#8221; global_colors_info=&#8221;{}&#8221; custom_css_blurb_image_tablet=&#8221;margin-bottom: 10px;||width: auto;&#8221; custom_css_blurb_image_last_edited=&#8221;on|tablet&#8221; custom_css_blurb_content_tablet=&#8221;display: block;&#8221; custom_css_blurb_content_last_edited=&#8221;on|tablet&#8221; custom_css_blurb_image_phone=&#8221;margin-bottom: 10px;||width: auto;&#8221; custom_css_blurb_content_phone=&#8221;display: block;&#8221;]<\/p>\n<p>Me ei ennusta kohvipaksu pealt. Meie artiklid tuginevad reaalsetele turuandmetele, ametlikele aruannetele ja pikaajalisele statistikale.<\/p>\n<p>[\/et_pb_blurb][\/et_pb_column][et_pb_column type=&#8221;1_2&#8243; specialty_columns=&#8221;2&#8243; _builder_version=&#8221;4.16&#8243; custom_padding=&#8221;|||&#8221; global_colors_info=&#8221;{}&#8221; custom_padding__hover=&#8221;|||&#8221;][et_pb_row_inner column_structure=&#8221;1_2,1_2&#8243; use_custom_gutter=&#8221;on&#8221; gutter_width=&#8221;2&#8243; _builder_version=&#8221;4.17.4&#8243; _module_preset=&#8221;default&#8221; custom_padding=&#8221;||0px||false|false&#8221; global_colors_info=&#8221;{}&#8221;][et_pb_column_inner type=&#8221;1_2&#8243; saved_specialty_column_type=&#8221;1_2&#8243; _builder_version=&#8221;4.17.4&#8243; _module_preset=&#8221;default&#8221; global_colors_info=&#8221;{}&#8221;][et_pb_image src=&#8221;https:\/\/images.pexels.com\/photos\/14751274\/pexels-photo-14751274.jpeg?_gl=1*1i4v2st*_ga*NjAzNjU3MTIuMTc2NzMwMzAzOA..*_ga_8JE65Q40S6*czE3NjczOTI5NTMkbzIkZzEkdDE3NjczOTMzNTAkajE0JGwwJGgw&#8221; title_text=&#8221;image (26)(1)&#8221; force_fullwidth=&#8221;on&#8221; _builder_version=&#8221;4.27.4&#8243; _module_preset=&#8221;default&#8221; global_colors_info=&#8221;{}&#8221;][\/et_pb_image][\/et_pb_column_inner][et_pb_column_inner type=&#8221;1_2&#8243; saved_specialty_column_type=&#8221;1_2&#8243; _builder_version=&#8221;4.17.4&#8243; _module_preset=&#8221;default&#8221; global_colors_info=&#8221;{}&#8221;][et_pb_image src=&#8221;https:\/\/fundguidr.ee\/wp-content\/uploads\/2022\/11\/image-241.png&#8221; title_text=&#8221;image (24)(1)&#8221; force_fullwidth=&#8221;on&#8221; _builder_version=&#8221;4.17.4&#8243; _module_preset=&#8221;default&#8221; global_colors_info=&#8221;{}&#8221;][\/et_pb_image][\/et_pb_column_inner][\/et_pb_row_inner][et_pb_row_inner custom_padding_last_edited=&#8221;on|phone&#8221; _builder_version=&#8221;4.19.0&#8243; _module_preset=&#8221;default&#8221; custom_padding_tablet=&#8221;&#8221; custom_padding_phone=&#8221;||0px||false|false&#8221; global_colors_info=&#8221;{}&#8221;][et_pb_column_inner saved_specialty_column_type=&#8221;1_2&#8243; _builder_version=&#8221;4.17.4&#8243; _module_preset=&#8221;default&#8221; global_colors_info=&#8221;{}&#8221;][et_pb_image src=&#8221;https:\/\/images.pexels.com\/photos\/6347720\/pexels-photo-6347720.jpeg?_gl=1*1l0kfef*_ga*NjAzNjU3MTIuMTc2NzMwMzAzOA..*_ga_8JE65Q40S6*czE3NjczOTI5NTMkbzIkZzEkdDE3NjczOTMzMTAkajU0JGwwJGgw&#8221; title_text=&#8221;image (25)(1)&#8221; force_fullwidth=&#8221;on&#8221; _builder_version=&#8221;4.27.4&#8243; _module_preset=&#8221;default&#8221; custom_css_before=&#8221;content: %22%22;||    position: absolute;||    bottom: 0;||    margin: auto;||    right: -50px;||    border: 3px solid var(&#8211;color1);||    width: 100px;||    height: 100px;||    z-index: -1;||    border-radius: 100%;||    animation: jumpAni 7s linear infinite;&#8221; custom_css_main_element=&#8221;position: relative;&#8221; global_colors_info=&#8221;{}&#8221; custom_css_before_last_edited=&#8221;on|desktop&#8221; custom_css_before_phone=&#8221;display: none;&#8221; custom_css_before_tablet=&#8221;content: %22%22;||    position: absolute;||    bottom: 0;||    margin: auto;||    right: -50px;||    border: 3px solid var(&#8211;color1);||    width: 100px;||    height: 100px;||    z-index: -1;||    border-radius: 100%;||    animation: jumpAni 7s linear infinite;&#8221;][\/et_pb_image][\/et_pb_column_inner][\/et_pb_row_inner][\/et_pb_column][\/et_pb_section][et_pb_section fb_built=&#8221;1&#8243; custom_padding_last_edited=&#8221;on|tablet&#8221; prev_background_color=&#8221;#ffffff&#8221; _builder_version=&#8221;4.19.0&#8243; _module_preset=&#8221;default&#8221; background_color=&#8221;#f8f9ff&#8221; background_image=&#8221;https:\/\/fundguidr.ee\/wp-content\/uploads\/2022\/11\/BG-31.png&#8221; background_size=&#8221;initial&#8221; custom_padding=&#8221;200px||||false|false&#8221; custom_padding_tablet=&#8221;150px||||false|false&#8221; custom_padding_phone=&#8221;150px||||false|false&#8221; top_divider_style=&#8221;waves&#8221; locked=&#8221;off&#8221; global_colors_info=&#8221;{}&#8221;][et_pb_row column_structure=&#8221;1_2,1_2&#8243; _builder_version=&#8221;4.19.0&#8243; _module_preset=&#8221;default&#8221; width=&#8221;90%&#8221; custom_css_main_element=&#8221;display: flex;||align-items: center;&#8221; global_colors_info=&#8221;{}&#8221; custom_css_main_element_last_edited=&#8221;on|tablet&#8221; custom_css_main_element_tablet=&#8221;display: block;&#8221; custom_css_main_element_phone=&#8221;display: block;&#8221;][et_pb_column type=&#8221;1_2&#8243; module_class=&#8221;educationhome_section5_column1&#8243; _builder_version=&#8221;4.19.0&#8243; _module_preset=&#8221;default&#8221; global_colors_info=&#8221;{}&#8221; custom_css_main_element_last_edited=&#8221;on|tablet&#8221; custom_css_main_element_tablet=&#8221;margin-bottom: 50px;&#8221; custom_css_main_element_phone=&#8221;margin-bottom: 50px;&#8221;][et_pb_blurb content_max_width=&#8221;100%&#8221; module_class=&#8221;educationcommon_blurb educationcommon_blurb1&#8243; _builder_version=&#8221;4.27.4&#8243; _module_preset=&#8221;default&#8221; header_font=&#8221;Poppins||||||||&#8221; header_text_color=&#8221;#171717&#8243; body_font=&#8221;Nunito|700|||||||&#8221; body_text_color=&#8221;#171717&#8243; body_font_size=&#8221;40px&#8221; body_line_height=&#8221;50px&#8221; body_text_align_tablet=&#8221;center&#8221; body_text_align_phone=&#8221;center&#8221; body_text_align_last_edited=&#8221;on|tablet&#8221; body_font_size_tablet=&#8221;30px&#8221; body_font_size_phone=&#8221;24px&#8221; body_font_size_last_edited=&#8221;on|tablet&#8221; body_line_height_tablet=&#8221;30px&#8221; body_line_height_phone=&#8221;35px&#8221; body_line_height_last_edited=&#8221;on|tablet&#8221; locked=&#8221;off&#8221; global_colors_info=&#8221;{}&#8221;]<\/p>\n<p>Toimetuse p\u00f5him\u00f5tted ja l\u00e4bipaistvus<\/p>\n<p>[\/et_pb_blurb][et_pb_text _builder_version=&#8221;4.27.4&#8243; _module_preset=&#8221;default&#8221; text_font=&#8221;Poppins||||||||&#8221; text_text_color=&#8221;#171717&#8243; text_font_size=&#8221;15px&#8221; text_line_height=&#8221;1.8em&#8221; custom_margin=&#8221;||40px||false|false&#8221; text_orientation_tablet=&#8221;center&#8221; text_orientation_phone=&#8221;center&#8221; text_orientation_last_edited=&#8221;on|tablet&#8221; locked=&#8221;off&#8221; global_colors_info=&#8221;{}&#8221;]<\/p>\n<ul>\n<li>\n<p data-path-to-node=\"27,0,0\"><b data-path-to-node=\"27,0,0\" data-index-in-node=\"0\">Faktikontroll:<\/b> Me kontrollime oma andmeid. Kui eksime, parandame vea ja tunnistame seda.<\/p>\n<\/li>\n<\/ul>\n<p>&nbsp;<\/p>\n<ul>\n<li>\n<p data-path-to-node=\"27,1,0\"><b data-path-to-node=\"27,1,0\" data-index-in-node=\"0\">Ei mingit &#8220;finantsn\u00f5u&#8221;:<\/b> Meie sisu on hariduslik ja informatiivne. Me ei anna personaalset investeerimisn\u00f5u ega soovita osta kindlaid v\u00e4\u00e4rtpabereid. Iga investor peab tegema oma otsused ise.<\/p>\n<\/li>\n<\/ul>\n<p>&nbsp;<\/p>\n<ul>\n<li>\n<p data-path-to-node=\"27,2,0\"><b data-path-to-node=\"27,2,0\" data-index-in-node=\"0\">Rahastamine:<\/b> Fundguidr on lugejale tasuta. Veebilehe \u00fclalpidamiseks v\u00f5ime me tulevikus kasutada partnerluslinke (<i data-path-to-node=\"27,2,0\" data-index-in-node=\"113\">affiliate links<\/i>) teatud teenusepakkujate juurde. See ei muuda meie sisu kallutatuks \u2013 me soovitame ainult neid teenuseid, mida me ise usaldame ja kasutame.<\/p>\n<\/li>\n<\/ul>\n<p>[\/et_pb_text][\/et_pb_column][et_pb_column type=&#8221;1_2&#8243; _builder_version=&#8221;4.19.0&#8243; _module_preset=&#8221;default&#8221; global_colors_info=&#8221;{}&#8221;][et_pb_image src=&#8221;https:\/\/fundguidr.ee\/wp-content\/uploads\/2026\/01\/fundguidr.jpg&#8221; alt=&#8221;fundguidr&#8221; title_text=&#8221;fundguidr&#8221; _builder_version=&#8221;4.27.4&#8243; _module_preset=&#8221;default&#8221; global_colors_info=&#8221;{}&#8221;][\/et_pb_image][\/et_pb_column][\/et_pb_row][\/et_pb_section]<\/p>\n","protected":false},"excerpt":{"rendered":"<p>MeistFundguidr: Sinu ratsionaalne teejuht investeerimismaailmasElame ajastul, mil informatsiooni on rohkem kui kunagi varem, kuid t\u00f5de on raskem leida. Finantsmaailm on t\u00e4is keerulist \u017eargooni, varjatud m\u00fc\u00fcgihuve ja &#8220;saa kiiresti rikkaks&#8221; lubadusi. Fundguidr loodi lihtsa eesm\u00e4rgiga: tuua sellesse m\u00fcrasse selgust. Fundguidr&#8217;i sisu taga seisab v\u00e4ike, kuid p\u00fchendunud meeskond investeerimishuvilisi.Meie p\u00f5him\u00f5ttedMeie anal\u00fc\u00fcsid ja \u00fclevaated on vabad pankade survest. [&hellip;]<\/p>\n","protected":false},"author":1,"featured_media":2906,"parent":0,"menu_order":0,"comment_status":"closed","ping_status":"closed","template":"","meta":{"_et_pb_use_builder":"on","_et_pb_old_content":"","_et_gb_content_width":"","_monsterinsights_skip_tracking":false,"_monsterinsights_sitenote_active":false,"_monsterinsights_sitenote_note":"","_monsterinsights_sitenote_category":0,"footnotes":""},"class_list":["post-2901","page","type-page","status-publish","has-post-thumbnail","hentry"],"rank_math_title":null,"rank_math_focus_keyword":"fundguidr,meist,investeerimine","rank_math_description":"Fundguidr on Eesti investori usaldusv\u00e4\u00e4rne infoallikas. Tutvu meie meeskonna ja p\u00f5him\u00f5tetega.","_links":{"self":[{"href":"https:\/\/fundguidr.ee\/en\/wp-json\/wp\/v2\/pages\/2901","targetHints":{"allow":["GET"]}}],"collection":[{"href":"https:\/\/fundguidr.ee\/en\/wp-json\/wp\/v2\/pages"}],"about":[{"href":"https:\/\/fundguidr.ee\/en\/wp-json\/wp\/v2\/types\/page"}],"author":[{"embeddable":true,"href":"https:\/\/fundguidr.ee\/en\/wp-json\/wp\/v2\/users\/1"}],"replies":[{"embeddable":true,"href":"https:\/\/fundguidr.ee\/en\/wp-json\/wp\/v2\/comments?post=2901"}],"version-history":[{"count":6,"href":"https:\/\/fundguidr.ee\/en\/wp-json\/wp\/v2\/pages\/2901\/revisions"}],"predecessor-version":[{"id":2911,"href":"https:\/\/fundguidr.ee\/en\/wp-json\/wp\/v2\/pages\/2901\/revisions\/2911"}],"wp:featuredmedia":[{"embeddable":true,"href":"https:\/\/fundguidr.ee\/en\/wp-json\/wp\/v2\/media\/2906"}],"wp:attachment":[{"href":"https:\/\/fundguidr.ee\/en\/wp-json\/wp\/v2\/media?parent=2901"}],"curies":[{"name":"wp","href":"https:\/\/api.w.org\/{rel}","templated":true}]}}