{"id":213,"date":"2024-03-23T20:30:01","date_gmt":"2024-03-23T20:30:01","guid":{"rendered":"https:\/\/fundguidr.ee\/?page_id=213"},"modified":"2026-01-03T12:06:16","modified_gmt":"2026-01-03T12:06:16","slug":"asset-classes","status":"publish","type":"page","link":"https:\/\/fundguidr.ee\/en\/asset-classes\/","title":{"rendered":"Asset classes"},"content":{"rendered":"<p>[et_pb_section fb_built=&#8221;1&#8243; _builder_version=&#8221;4.19.0&#8243; _module_preset=&#8221;default&#8221; background_color=&#8221;#f6f8ff&#8221; background_image=&#8221;https:\/\/fundguidr.ee\/wp-content\/uploads\/2022\/11\/BG-28.png&#8221; background_size=&#8221;initial&#8221; locked=&#8221;off&#8221; global_colors_info=&#8221;{}&#8221;][et_pb_row _builder_version=&#8221;4.19.0&#8243; _module_preset=&#8221;default&#8221; width=&#8221;90%&#8221; custom_css_main_element=&#8221;position: unset;&#8221; global_colors_info=&#8221;{}&#8221;][et_pb_column type=&#8221;4_4&#8243; _builder_version=&#8221;4.19.0&#8243; _module_preset=&#8221;default&#8221; custom_css_main_element=&#8221;position: unset;&#8221; global_colors_info=&#8221;{}&#8221;][et_pb_text _builder_version=&#8221;4.19.0&#8243; _module_preset=&#8221;default&#8221; text_font=&#8221;Nunito|700|||||||&#8221; text_text_color=&#8221;#171717&#8243; text_font_size=&#8221;36px&#8221; text_line_height=&#8221;50px&#8221; text_orientation=&#8221;center&#8221; custom_margin=&#8221;||0px||false|false&#8221; text_font_size_tablet=&#8221;30px&#8221; text_font_size_phone=&#8221;24px&#8221; text_font_size_last_edited=&#8221;on|phone&#8221; text_line_height_tablet=&#8221;45px&#8221; text_line_height_phone=&#8221;35px&#8221; text_line_height_last_edited=&#8221;on|tablet&#8221; global_colors_info=&#8221;{}&#8221;]<\/p>\n<p>Varaklassid<\/p>\n<p>[\/et_pb_text][\/et_pb_column][\/et_pb_row][\/et_pb_section][et_pb_section fb_built=&#8221;1&#8243; next_background_color=&#8221;#F6F8FF&#8221; _builder_version=&#8221;4.27.2&#8243; _module_preset=&#8221;default&#8221; bottom_divider_style=&#8221;ramp2&#8243; locked=&#8221;off&#8221; global_colors_info=&#8221;{}&#8221;][et_pb_row _builder_version=&#8221;4.27.2&#8243; _module_preset=&#8221;default&#8221; global_colors_info=&#8221;{}&#8221;][et_pb_column type=&#8221;4_4&#8243; _builder_version=&#8221;4.27.2&#8243; _module_preset=&#8221;default&#8221; global_colors_info=&#8221;{}&#8221;][et_pb_text _builder_version=&#8221;4.27.2&#8243; _module_preset=&#8221;default&#8221; text_font=&#8221;Poppins||||||||&#8221; text_text_color=&#8221;#171717&#8243; text_font_size=&#8221;15px&#8221; text_line_height=&#8221;1.8em&#8221; text_orientation_tablet=&#8221;center&#8221; text_orientation_phone=&#8221;center&#8221; text_orientation_last_edited=&#8221;on|tablet&#8221; locked=&#8221;off&#8221; global_colors_info=&#8221;{}&#8221;]<\/p>\n<p><span>Et investeerimismaailma oleks sul lihtsam hoomata, oleme v\u00e4lja kirjutanud p\u00f5hilise informatsiooni erinevate varaklasside kohta. Leiad varaklassi alaliigid, riskid, plussid ja miinused, infot nendest teenimise kohta ning sellest, kuidas praktikas k\u00e4esolevasse varaklassi investeerimisega algust teha.<\/span><\/p>\n<p>[\/et_pb_text][\/et_pb_column][\/et_pb_row][\/et_pb_section][et_pb_section fb_built=&#8221;1&#8243; _builder_version=&#8221;4.27.2&#8243; _module_preset=&#8221;default&#8221; background_color=&#8221;#F6F8FF&#8221; custom_padding=&#8221;||0px||false|false&#8221; global_colors_info=&#8221;{}&#8221;][et_pb_row column_structure=&#8221;1_3,1_3,1_3&#8243; use_custom_gutter=&#8221;on&#8221; gutter_width=&#8221;2&#8243; make_equal=&#8221;on&#8221; _builder_version=&#8221;4.27.2&#8243; _module_preset=&#8221;default&#8221; width=&#8221;90%&#8221; custom_padding=&#8221;2vw||5vw||false|false&#8221; global_colors_info=&#8221;{}&#8221;][et_pb_column type=&#8221;1_3&#8243; _builder_version=&#8221;4.19.0&#8243; _module_preset=&#8221;default&#8221; global_colors_info=&#8221;{}&#8221;][et_pb_blurb title=&#8221;Aktsiad&#8221; url=&#8221;https:\/\/fundguidr.ee\/aktsiad\/&#8221; use_icon=&#8221;on&#8221; font_icon=&#8221;&#xf201;||fa||900&#8243; icon_color=&#8221;#3556BF&#8221; image_icon_width=&#8221;55px&#8221; content_max_width=&#8221;100%&#8221; module_class=&#8221;educationhome_section4_blurb&#8221; _builder_version=&#8221;4.27.2&#8243; _module_preset=&#8221;default&#8221; header_font=&#8221;Nunito|700|||||||&#8221; header_text_color=&#8221;#171717&#8243; header_font_size=&#8221;22px&#8221; body_font=&#8221;Poppins||||||||&#8221; body_text_color=&#8221;#171717&#8243; body_font_size=&#8221;15px&#8221; background_color=&#8221;#FFFFFF&#8221; text_orientation=&#8221;center&#8221; custom_padding=&#8221;50px|30px|30px|30px|false|false&#8221; custom_css_main_element=&#8221;box-shadow: 0px 8px 15px rgba(23, 23, 23, 0.05);||transition: all 0.5s ease;&#8221; custom_css_blurb_image=&#8221;position: relative;||z-index: 1;||margin-bottom: 40px;&#8221; custom_css_blurb_title=&#8221;transition: all 0.5s ease;&#8221; border_radii=&#8221;on|5px|5px|5px|5px&#8221; border_width_all=&#8221;1px&#8221; border_color_all=&#8221;rgba(53,86,191,0.2)&#8221; global_colors_info=&#8221;{}&#8221; custom_css_main_element__hover_enabled=&#8221;on|hover&#8221; custom_css_main_element__hover=&#8221;transform: translateY(-10px);&#8221;][\/et_pb_blurb][et_pb_blurb title=&#8221;ETFd&#8221; url=&#8221;https:\/\/fundguidr.ee\/eft-2\/&#8221; use_icon=&#8221;on&#8221; font_icon=&#8221;&#xf51e;||fa||900&#8243; icon_color=&#8221;#3556BF&#8221; image_icon_background_color=&#8221;RGBA(255,255,255,0)&#8221; image_icon_width=&#8221;55px&#8221; content_max_width=&#8221;100%&#8221; module_class=&#8221;educationhome_section4_blurb&#8221; _builder_version=&#8221;4.27.4&#8243; _module_preset=&#8221;default&#8221; header_font=&#8221;Nunito|700|||||||&#8221; header_text_color=&#8221;#171717&#8243; header_font_size=&#8221;22px&#8221; body_font=&#8221;Poppins||||||||&#8221; body_text_color=&#8221;#171717&#8243; body_font_size=&#8221;15px&#8221; background_color=&#8221;#FFFFFF&#8221; text_orientation=&#8221;center&#8221; custom_padding=&#8221;50px|30px|30px|30px|false|false&#8221; hover_enabled=&#8221;0&#8243; custom_css_main_element=&#8221;box-shadow: 0px 8px 15px rgba(23, 23, 23, 0.05);||transition: all 0.5s ease;&#8221; custom_css_blurb_image=&#8221;position: relative;||z-index: 1;||margin-bottom: 40px;&#8221; custom_css_blurb_title=&#8221;transition: all 0.5s ease;&#8221; border_radii=&#8221;on|5px|5px|5px|5px&#8221; border_width_all=&#8221;1px&#8221; border_color_all=&#8221;rgba(53,86,191,0.2)&#8221; global_colors_info=&#8221;{}&#8221; custom_css_main_element__hover_enabled=&#8221;on|hover&#8221; custom_css_main_element__hover=&#8221;transform: translateY(-10px);&#8221; sticky_enabled=&#8221;0&#8243;][\/et_pb_blurb][et_pb_blurb title=&#8221;Toormed&#8221; url=&#8221;https:\/\/fundguidr.ee\/toorained-2\/&#8221; use_icon=&#8221;on&#8221; font_icon=&#8221;&#xf3a5;||fa||400&#8243; icon_color=&#8221;#3556BF&#8221; image_icon_width=&#8221;55px&#8221; content_max_width=&#8221;100%&#8221; module_class=&#8221;educationhome_section4_blurb&#8221; _builder_version=&#8221;4.27.4&#8243; _module_preset=&#8221;default&#8221; header_font=&#8221;Nunito|700|||||||&#8221; header_text_color=&#8221;#171717&#8243; header_font_size=&#8221;22px&#8221; body_font=&#8221;Poppins||||||||&#8221; body_text_color=&#8221;#171717&#8243; body_font_size=&#8221;15px&#8221; background_color=&#8221;#FFFFFF&#8221; text_orientation=&#8221;center&#8221; custom_padding=&#8221;50px|30px|30px|30px|false|false&#8221; custom_css_main_element=&#8221;box-shadow: 0px 8px 15px rgba(23, 23, 23, 0.05);||transition: all 0.5s ease;&#8221; custom_css_blurb_image=&#8221;position: relative;||z-index: 1;||margin-bottom: 40px;&#8221; custom_css_blurb_title=&#8221;transition: all 0.5s ease;&#8221; border_radii=&#8221;on|5px|5px|5px|5px&#8221; border_width_all=&#8221;1px&#8221; border_color_all=&#8221;rgba(53,86,191,0.2)&#8221; global_colors_info=&#8221;{}&#8221; custom_css_main_element__hover_enabled=&#8221;on|hover&#8221; custom_css_main_element__hover=&#8221;transform: translateY(-10px);&#8221;][\/et_pb_blurb][\/et_pb_column][et_pb_column type=&#8221;1_3&#8243; _builder_version=&#8221;4.19.0&#8243; _module_preset=&#8221;default&#8221; global_colors_info=&#8221;{}&#8221;][et_pb_blurb title=&#8221;P2P laenud&#8221; url=&#8221;https:\/\/fundguidr.ee\/p2p-laenud\/&#8221; use_icon=&#8221;on&#8221; font_icon=&#8221;&#xf2b5;||fa||400&#8243; icon_color=&#8221;#3556BF&#8221; image_icon_width=&#8221;55px&#8221; content_max_width=&#8221;100%&#8221; module_class=&#8221;educationhome_section4_blurb&#8221; _builder_version=&#8221;4.27.2&#8243; _module_preset=&#8221;default&#8221; header_font=&#8221;Nunito|700|||||||&#8221; header_text_color=&#8221;#171717&#8243; header_font_size=&#8221;22px&#8221; body_font=&#8221;Poppins||||||||&#8221; body_text_color=&#8221;#171717&#8243; body_font_size=&#8221;15px&#8221; background_color=&#8221;#FFFFFF&#8221; text_orientation=&#8221;center&#8221; custom_padding=&#8221;50px|30px|30px|30px|false|false&#8221; link_option_url=&#8221;https:\/\/fundguidr.ee\/p2p-laenud\/&#8221; custom_css_main_element=&#8221;box-shadow: 0px 8px 15px rgba(23, 23, 23, 0.05);||transition: all 0.5s ease;&#8221; custom_css_blurb_image=&#8221;position: relative;||z-index: 1;||margin-bottom: 40px;&#8221; custom_css_blurb_title=&#8221;transition: all 0.5s ease;&#8221; border_radii=&#8221;on|5px|5px|5px|5px&#8221; border_width_all=&#8221;1px&#8221; border_color_all=&#8221;rgba(53,86,191,0.2)&#8221; global_colors_info=&#8221;{}&#8221; custom_css_main_element__hover_enabled=&#8221;on|hover&#8221; custom_css_main_element__hover=&#8221;transform: translateY(-10px);&#8221;][\/et_pb_blurb][et_pb_blurb title=&#8221;Hoius&#8221; url=&#8221;https:\/\/fundguidr.ee\/hoius\/&#8221; use_icon=&#8221;on&#8221; font_icon=&#8221;&#xf4d3;||fa||900&#8243; icon_color=&#8221;#3556BF&#8221; image_icon_width=&#8221;55px&#8221; content_max_width=&#8221;100%&#8221; module_class=&#8221;educationhome_section4_blurb&#8221; _builder_version=&#8221;4.27.2&#8243; _module_preset=&#8221;default&#8221; header_font=&#8221;Nunito|700|||||||&#8221; header_text_color=&#8221;#171717&#8243; header_font_size=&#8221;22px&#8221; body_font=&#8221;Poppins||||||||&#8221; body_text_color=&#8221;#171717&#8243; body_font_size=&#8221;15px&#8221; background_color=&#8221;#FFFFFF&#8221; text_orientation=&#8221;center&#8221; custom_padding=&#8221;50px|30px|30px|30px|false|false&#8221; custom_css_main_element=&#8221;box-shadow: 0px 8px 15px rgba(23, 23, 23, 0.05);||transition: all 0.5s ease;&#8221; custom_css_blurb_image=&#8221;position: relative;||z-index: 1;||margin-bottom: 40px;&#8221; custom_css_blurb_title=&#8221;transition: all 0.5s ease;&#8221; border_radii=&#8221;on|5px|5px|5px|5px&#8221; border_width_all=&#8221;1px&#8221; border_color_all=&#8221;rgba(53,86,191,0.2)&#8221; global_colors_info=&#8221;{}&#8221; custom_css_main_element__hover_enabled=&#8221;on|hover&#8221; custom_css_main_element__hover=&#8221;transform: translateY(-10px);&#8221;][\/et_pb_blurb][\/et_pb_column][et_pb_column type=&#8221;1_3&#8243; _builder_version=&#8221;4.19.0&#8243; _module_preset=&#8221;default&#8221; global_colors_info=&#8221;{}&#8221;][et_pb_blurb title=&#8221;Kr\u00fcpto&#8221; url=&#8221;https:\/\/fundguidr.ee\/kruptovaluuta\/&#8221; use_icon=&#8221;on&#8221; font_icon=&#8221;&#xf15a;||fa||400&#8243; icon_color=&#8221;#3556BF&#8221; image_icon_width=&#8221;55px&#8221; content_max_width=&#8221;100%&#8221; module_class=&#8221;educationhome_section4_blurb&#8221; _builder_version=&#8221;4.27.2&#8243; _module_preset=&#8221;default&#8221; header_font=&#8221;Nunito|700|||||||&#8221; header_text_color=&#8221;#171717&#8243; header_font_size=&#8221;22px&#8221; body_font=&#8221;Poppins||||||||&#8221; body_text_color=&#8221;#171717&#8243; body_font_size=&#8221;15px&#8221; background_color=&#8221;#FFFFFF&#8221; text_orientation=&#8221;center&#8221; custom_padding=&#8221;50px|30px|30px|30px|false|false&#8221; custom_css_main_element=&#8221;box-shadow: 0px 8px 15px rgba(23, 23, 23, 0.05);||transition: all 0.5s ease;&#8221; custom_css_blurb_image=&#8221;position: relative;||z-index: 1;||margin-bottom: 40px;&#8221; custom_css_blurb_title=&#8221;transition: all 0.5s ease;&#8221; border_radii=&#8221;on|5px|5px|5px|5px&#8221; border_width_all=&#8221;1px&#8221; border_color_all=&#8221;rgba(53,86,191,0.2)&#8221; global_colors_info=&#8221;{}&#8221; custom_css_main_element__hover_enabled=&#8221;on|hover&#8221; custom_css_main_element__hover=&#8221;transform: translateY(-10px);&#8221;][\/et_pb_blurb][et_pb_blurb title=&#8221;V\u00f5lakirjad&#8221; url=&#8221;https:\/\/fundguidr.ee\/volakirjad\/&#8221; use_icon=&#8221;on&#8221; font_icon=&#8221;&#xf70e;||fa||900&#8243; icon_color=&#8221;#3556BF&#8221; image_icon_width=&#8221;55px&#8221; content_max_width=&#8221;100%&#8221; module_class=&#8221;educationhome_section4_blurb&#8221; _builder_version=&#8221;4.27.2&#8243; _module_preset=&#8221;default&#8221; header_font=&#8221;Nunito|700|||||||&#8221; header_text_color=&#8221;#171717&#8243; header_font_size=&#8221;22px&#8221; body_font=&#8221;Poppins||||||||&#8221; body_text_color=&#8221;#171717&#8243; body_font_size=&#8221;15px&#8221; background_color=&#8221;#FFFFFF&#8221; text_orientation=&#8221;center&#8221; custom_padding=&#8221;50px|30px|30px|30px|false|false&#8221; custom_css_main_element=&#8221;box-shadow: 0px 8px 15px rgba(23, 23, 23, 0.05);||transition: all 0.5s ease;&#8221; custom_css_blurb_image=&#8221;position: relative;||z-index: 1;||margin-bottom: 40px;&#8221; custom_css_blurb_title=&#8221;transition: all 0.5s ease;&#8221; border_radii=&#8221;on|5px|5px|5px|5px&#8221; border_width_all=&#8221;1px&#8221; border_color_all=&#8221;rgba(53,86,191,0.2)&#8221; global_colors_info=&#8221;{}&#8221; custom_css_main_element__hover_enabled=&#8221;on|hover&#8221; custom_css_main_element__hover=&#8221;transform: translateY(-10px);&#8221;][\/et_pb_blurb][\/et_pb_column][\/et_pb_row][\/et_pb_section][et_pb_section fb_built=&#8221;1&#8243; _builder_version=&#8221;4.27.4&#8243; _module_preset=&#8221;default&#8221; global_colors_info=&#8221;{}&#8221;][et_pb_row _builder_version=&#8221;4.27.4&#8243; _module_preset=&#8221;default&#8221; global_colors_info=&#8221;{}&#8221;][et_pb_column type=&#8221;4_4&#8243; _builder_version=&#8221;4.27.4&#8243; _module_preset=&#8221;default&#8221; global_colors_info=&#8221;{}&#8221;][et_pb_text _builder_version=&#8221;4.27.4&#8243; _module_preset=&#8221;default&#8221; text_font=&#8221;Poppins|300|||||||&#8221; text_text_color=&#8221;#171717&#8243; text_font_size=&#8221;15px&#8221; text_line_height=&#8221;1.8em&#8221; text_orientation_tablet=&#8221;center&#8221; text_orientation_phone=&#8221;center&#8221; text_orientation_last_edited=&#8221;on|tablet&#8221; locked=&#8221;off&#8221; global_colors_info=&#8221;{}&#8221;]<\/p>\n<p><span>Lisaks varaklassidele saad sa lugeda ka erinevate <a href=\"https:\/\/fundguidr.ee\/investeerimisstrateegiad\/\">investeerimisstiilide- ja strateegiate<\/a> kohta siin, ning avastada muud huvitavad ning harivat meie <a href=\"https:\/\/fundguidr.ee\/blog\/\">blogist<\/a>.\u00a0<\/span><\/p>\n<p>[\/et_pb_text][\/et_pb_column][\/et_pb_row][\/et_pb_section]<\/p>\n","protected":false},"excerpt":{"rendered":"<p>VaraklassidEt investeerimismaailma oleks sul lihtsam hoomata, oleme v\u00e4lja kirjutanud p\u00f5hilise informatsiooni erinevate varaklasside kohta. Leiad varaklassi alaliigid, riskid, plussid ja miinused, infot nendest teenimise kohta ning sellest, kuidas praktikas k\u00e4esolevasse varaklassi investeerimisega algust teha.Lisaks varaklassidele saad sa lugeda ka erinevate investeerimisstiilide- ja strateegiate kohta siin, ning avastada muud huvitavad ning harivat meie blogist.\u00a0<\/p>","protected":false},"author":1,"featured_media":330,"parent":0,"menu_order":0,"comment_status":"closed","ping_status":"closed","template":"","meta":{"_et_pb_use_builder":"on","_et_pb_old_content":"","_et_gb_content_width":"","_monsterinsights_skip_tracking":false,"_monsterinsights_sitenote_active":false,"_monsterinsights_sitenote_note":"","_monsterinsights_sitenote_category":0,"footnotes":""},"class_list":["post-213","page","type-page","status-publish","has-post-thumbnail","hentry"],"rank_math_title":null,"rank_math_focus_keyword":"varaklassid","rank_math_description":"\u00dclevaade erinevatest varaklassidest. Tutvustame varaklasse: aktsiad, peer-to-peer (P2P) laenud, kr\u00fcptoraha, toormeained, v\u00f5lakirjad, hoiused ning EFT-f. ","_links":{"self":[{"href":"https:\/\/fundguidr.ee\/en\/wp-json\/wp\/v2\/pages\/213","targetHints":{"allow":["GET"]}}],"collection":[{"href":"https:\/\/fundguidr.ee\/en\/wp-json\/wp\/v2\/pages"}],"about":[{"href":"https:\/\/fundguidr.ee\/en\/wp-json\/wp\/v2\/types\/page"}],"author":[{"embeddable":true,"href":"https:\/\/fundguidr.ee\/en\/wp-json\/wp\/v2\/users\/1"}],"replies":[{"embeddable":true,"href":"https:\/\/fundguidr.ee\/en\/wp-json\/wp\/v2\/comments?post=213"}],"version-history":[{"count":26,"href":"https:\/\/fundguidr.ee\/en\/wp-json\/wp\/v2\/pages\/213\/revisions"}],"predecessor-version":[{"id":2921,"href":"https:\/\/fundguidr.ee\/en\/wp-json\/wp\/v2\/pages\/213\/revisions\/2921"}],"wp:featuredmedia":[{"embeddable":true,"href":"https:\/\/fundguidr.ee\/en\/wp-json\/wp\/v2\/media\/330"}],"wp:attachment":[{"href":"https:\/\/fundguidr.ee\/en\/wp-json\/wp\/v2\/media?parent=213"}],"curies":[{"name":"wp","href":"https:\/\/api.w.org\/{rel}","templated":true}]}}